{"id":592,"date":"2025-10-23T15:58:59","date_gmt":"2025-10-23T18:58:59","guid":{"rendered":"https:\/\/franklynpinho.com.br\/seasdih\/?page_id=592"},"modified":"2026-03-16T14:39:01","modified_gmt":"2026-03-16T17:39:01","slug":"projetos","status":"publish","type":"page","link":"https:\/\/seasdih.duquedecaxias.rj.gov.br\/digital\/projetos\/","title":{"rendered":"PROJETOS"},"content":{"rendered":"\t\t<div data-elementor-type=\"wp-page\" data-elementor-id=\"592\" class=\"elementor elementor-592\" data-elementor-post-type=\"page\">\n\t\t\t\t<div class=\"elementor-element elementor-element-cb941fb e-flex e-con-boxed e-con e-parent\" data-id=\"cb941fb\" data-element_type=\"container\" data-e-type=\"container\" data-settings=\"{&quot;background_background&quot;:&quot;classic&quot;}\">\n\t\t\t\t\t<div class=\"e-con-inner\">\n\t\t\t\t<div class=\"elementor-element elementor-element-0fea91e elementor-widget elementor-widget-heading\" data-id=\"0fea91e\" data-element_type=\"widget\" data-e-type=\"widget\" data-widget_type=\"heading.default\">\n\t\t\t\t<div class=\"elementor-widget-container\">\n\t\t\t\t\t<h2 class=\"elementor-heading-title elementor-size-default\">PROJETOS<\/h2>\t\t\t\t<\/div>\n\t\t\t\t<\/div>\n\t\t\t\t\t<\/div>\n\t\t\t\t<\/div>\n\t\t<div class=\"elementor-element elementor-element-af4be3e e-flex e-con-boxed e-con e-parent\" data-id=\"af4be3e\" data-element_type=\"container\" data-e-type=\"container\" data-settings=\"{&quot;background_background&quot;:&quot;classic&quot;}\">\n\t\t\t\t\t<div class=\"e-con-inner\">\n\t\t\t\t<div class=\"elementor-element elementor-element-dba8977 elementor-position-top elementor-widget elementor-widget-image-box\" data-id=\"dba8977\" data-element_type=\"widget\" data-e-type=\"widget\" data-widget_type=\"image-box.default\">\n\t\t\t\t<div class=\"elementor-widget-container\">\n\t\t\t\t\t<div class=\"elementor-image-box-wrapper\"><figure class=\"elementor-image-box-img\"><a href=\"https:\/\/inclusaodigitalsenior.servicosgold.com.br\/\" target=\"_blank\" tabindex=\"-1\"><img fetchpriority=\"high\" decoding=\"async\" width=\"800\" height=\"400\" src=\"https:\/\/seasdih.duquedecaxias.rj.gov.br\/digital\/wp-content\/uploads\/2026\/03\/Card-Projeto-inclcusao-Digital.jpg\" class=\"attachment-full size-full wp-image-1222\" alt=\"\" srcset=\"https:\/\/seasdih.duquedecaxias.rj.gov.br\/digital\/wp-content\/uploads\/2026\/03\/Card-Projeto-inclcusao-Digital.jpg 800w, https:\/\/seasdih.duquedecaxias.rj.gov.br\/digital\/wp-content\/uploads\/2026\/03\/Card-Projeto-inclcusao-Digital-300x150.jpg 300w, https:\/\/seasdih.duquedecaxias.rj.gov.br\/digital\/wp-content\/uploads\/2026\/03\/Card-Projeto-inclcusao-Digital-768x384.jpg 768w\" sizes=\"(max-width: 800px) 100vw, 800px\" \/><\/a><\/figure><div class=\"elementor-image-box-content\"><h3 class=\"elementor-image-box-title\"><a href=\"https:\/\/inclusaodigitalsenior.servicosgold.com.br\/\" target=\"_blank\">PROJETO INCLUS\u00c3O DIGITAL S\u00caNIOR<\/a><\/h3><p class=\"elementor-image-box-description\">O Projeto Inclus\u00e3o Digital S\u00eanior tem como objetivo de ampliar a inclus\u00e3o digital entre as pessoas da terceira idade por meio de aulas pr\u00e1ticas e acess\u00edveis, adaptadas para uso em telefonia m\u00f3vel.<\/p><\/div><\/div>\t\t\t\t<\/div>\n\t\t\t\t<\/div>\n\t\t\t\t<div class=\"elementor-element elementor-element-e39401a elementor-position-top elementor-widget elementor-widget-image-box\" data-id=\"e39401a\" data-element_type=\"widget\" data-e-type=\"widget\" data-widget_type=\"image-box.default\">\n\t\t\t\t<div class=\"elementor-widget-container\">\n\t\t\t\t\t<div class=\"elementor-image-box-wrapper\"><figure class=\"elementor-image-box-img\"><a href=\"https:\/\/inclusaodigitalsenior.servicosgold.com.br\/\" target=\"_blank\" tabindex=\"-1\"><img fetchpriority=\"high\" decoding=\"async\" width=\"800\" height=\"400\" src=\"https:\/\/seasdih.duquedecaxias.rj.gov.br\/digital\/wp-content\/uploads\/2026\/03\/Card-Projeto-inclcusao-Digital.jpg\" class=\"attachment-full size-full wp-image-1222\" alt=\"\" srcset=\"https:\/\/seasdih.duquedecaxias.rj.gov.br\/digital\/wp-content\/uploads\/2026\/03\/Card-Projeto-inclcusao-Digital.jpg 800w, https:\/\/seasdih.duquedecaxias.rj.gov.br\/digital\/wp-content\/uploads\/2026\/03\/Card-Projeto-inclcusao-Digital-300x150.jpg 300w, https:\/\/seasdih.duquedecaxias.rj.gov.br\/digital\/wp-content\/uploads\/2026\/03\/Card-Projeto-inclcusao-Digital-768x384.jpg 768w\" sizes=\"(max-width: 800px) 100vw, 800px\" \/><\/a><\/figure><div class=\"elementor-image-box-content\"><h3 class=\"elementor-image-box-title\"><a href=\"https:\/\/inclusaodigitalsenior.servicosgold.com.br\/\" target=\"_blank\">PROJETO INCLUS\u00c3O DIGITAL S\u00caNIOR<\/a><\/h3><p class=\"elementor-image-box-description\">O Projeto Inclus\u00e3o Digital S\u00eanior tem como objetivo de ampliar a inclus\u00e3o digital entre as pessoas da terceira idade por meio de aulas pr\u00e1ticas e acess\u00edveis, adaptadas para uso em telefonia m\u00f3vel.<\/p><\/div><\/div>\t\t\t\t<\/div>\n\t\t\t\t<\/div>\n\t\t\t\t<div class=\"elementor-element elementor-element-58b41da elementor-position-top elementor-widget elementor-widget-image-box\" data-id=\"58b41da\" data-element_type=\"widget\" data-e-type=\"widget\" data-widget_type=\"image-box.default\">\n\t\t\t\t<div class=\"elementor-widget-container\">\n\t\t\t\t\t<div class=\"elementor-image-box-wrapper\"><figure class=\"elementor-image-box-img\"><a href=\"https:\/\/inclusaodigitalsenior.servicosgold.com.br\/\" target=\"_blank\" tabindex=\"-1\"><img fetchpriority=\"high\" decoding=\"async\" width=\"800\" height=\"400\" src=\"https:\/\/seasdih.duquedecaxias.rj.gov.br\/digital\/wp-content\/uploads\/2026\/03\/Card-Projeto-inclcusao-Digital.jpg\" class=\"attachment-full size-full wp-image-1222\" alt=\"\" srcset=\"https:\/\/seasdih.duquedecaxias.rj.gov.br\/digital\/wp-content\/uploads\/2026\/03\/Card-Projeto-inclcusao-Digital.jpg 800w, https:\/\/seasdih.duquedecaxias.rj.gov.br\/digital\/wp-content\/uploads\/2026\/03\/Card-Projeto-inclcusao-Digital-300x150.jpg 300w, https:\/\/seasdih.duquedecaxias.rj.gov.br\/digital\/wp-content\/uploads\/2026\/03\/Card-Projeto-inclcusao-Digital-768x384.jpg 768w\" sizes=\"(max-width: 800px) 100vw, 800px\" \/><\/a><\/figure><div class=\"elementor-image-box-content\"><h3 class=\"elementor-image-box-title\"><a href=\"https:\/\/inclusaodigitalsenior.servicosgold.com.br\/\" target=\"_blank\">PROJETO INCLUS\u00c3O DIGITAL S\u00caNIOR<\/a><\/h3><p class=\"elementor-image-box-description\">O Projeto Inclus\u00e3o Digital S\u00eanior tem como objetivo de ampliar a inclus\u00e3o digital entre as pessoas da terceira idade por meio de aulas pr\u00e1ticas e acess\u00edveis, adaptadas para uso em telefonia m\u00f3vel.<\/p><\/div><\/div>\t\t\t\t<\/div>\n\t\t\t\t<\/div>\n\t\t\t\t\t<\/div>\n\t\t\t\t<\/div>\n\t\t\t\t<\/div>\n\t\t","protected":false},"excerpt":{"rendered":"<p>PROJETOS PROJETO INCLUS\u00c3O DIGITAL S\u00caNIOR O Projeto Inclus\u00e3o Digital S\u00eanior tem como objetivo de ampliar a inclus\u00e3o digital entre as pessoas da terceira idade por meio de aulas pr\u00e1ticas e acess\u00edveis, adaptadas para uso em telefonia m\u00f3vel. PROJETO INCLUS\u00c3O DIGITAL S\u00caNIOR O Projeto Inclus\u00e3o Digital S\u00eanior tem como objetivo de ampliar a inclus\u00e3o digital entre [&hellip;]<\/p>\n","protected":false},"author":268,"featured_media":0,"parent":0,"menu_order":0,"comment_status":"closed","ping_status":"closed","template":"","meta":{"footnotes":""},"class_list":["post-592","page","type-page","status-publish","hentry"],"_links":{"self":[{"href":"https:\/\/seasdih.duquedecaxias.rj.gov.br\/digital\/wp-json\/wp\/v2\/pages\/592","targetHints":{"allow":["GET"]}}],"collection":[{"href":"https:\/\/seasdih.duquedecaxias.rj.gov.br\/digital\/wp-json\/wp\/v2\/pages"}],"about":[{"href":"https:\/\/seasdih.duquedecaxias.rj.gov.br\/digital\/wp-json\/wp\/v2\/types\/page"}],"author":[{"embeddable":true,"href":"https:\/\/seasdih.duquedecaxias.rj.gov.br\/digital\/wp-json\/wp\/v2\/users\/268"}],"replies":[{"embeddable":true,"href":"https:\/\/seasdih.duquedecaxias.rj.gov.br\/digital\/wp-json\/wp\/v2\/comments?post=592"}],"version-history":[{"count":29,"href":"https:\/\/seasdih.duquedecaxias.rj.gov.br\/digital\/wp-json\/wp\/v2\/pages\/592\/revisions"}],"predecessor-version":[{"id":1317,"href":"https:\/\/seasdih.duquedecaxias.rj.gov.br\/digital\/wp-json\/wp\/v2\/pages\/592\/revisions\/1317"}],"wp:attachment":[{"href":"https:\/\/seasdih.duquedecaxias.rj.gov.br\/digital\/wp-json\/wp\/v2\/media?parent=592"}],"curies":[{"name":"wp","href":"https:\/\/api.w.org\/{rel}","templated":true}]}}