{"id":554,"date":"2025-10-23T15:35:06","date_gmt":"2025-10-23T18:35:06","guid":{"rendered":"https:\/\/franklynpinho.com.br\/seasdih\/?page_id=554"},"modified":"2026-04-08T17:20:31","modified_gmt":"2026-04-08T20:20:31","slug":"cras","status":"publish","type":"page","link":"https:\/\/seasdih.duquedecaxias.rj.gov.br\/digital\/cras\/","title":{"rendered":"CRAS"},"content":{"rendered":"\t\t<div data-elementor-type=\"wp-page\" data-elementor-id=\"554\" class=\"elementor elementor-554\" data-elementor-post-type=\"page\">\n\t\t\t\t<div class=\"elementor-element elementor-element-13d563f e-con-full e-flex e-con e-parent\" data-id=\"13d563f\" data-element_type=\"container\" data-e-type=\"container\" data-settings=\"{&quot;background_background&quot;:&quot;classic&quot;}\">\n\t\t\t\t<div class=\"elementor-element elementor-element-8d22033 elementor-widget elementor-widget-heading\" data-id=\"8d22033\" data-element_type=\"widget\" data-e-type=\"widget\" data-widget_type=\"heading.default\">\n\t\t\t\t<div class=\"elementor-widget-container\">\n\t\t\t\t\t<h2 class=\"elementor-heading-title elementor-size-default\">Centro de Refer\u00eancia de Assist\u00eancia Social - CRAS<\/h2>\t\t\t\t<\/div>\n\t\t\t\t<\/div>\n\t\t\t\t<\/div>\n\t\t<div class=\"elementor-element elementor-element-32885d0 e-flex e-con-boxed e-con e-parent\" data-id=\"32885d0\" data-element_type=\"container\" data-e-type=\"container\">\n\t\t\t\t\t<div class=\"e-con-inner\">\n\t\t\t\t<div class=\"elementor-element elementor-element-92ed5ed elementor-widget elementor-widget-heading\" data-id=\"92ed5ed\" data-element_type=\"widget\" data-e-type=\"widget\" data-widget_type=\"heading.default\">\n\t\t\t\t<div class=\"elementor-widget-container\">\n\t\t\t\t\t<h2 class=\"elementor-heading-title elementor-size-default\">Busca prevenir situa\u00e7\u00f5es de risco por meio do fortalecimento dos v\u00ednculos familiares e comunit\u00e1rios, e da amplia\u00e7\u00e3o do acesso aos direitos de cidadania.<\/h2>\t\t\t\t<\/div>\n\t\t\t\t<\/div>\n\t\t\t\t\t<\/div>\n\t\t\t\t<\/div>\n\t\t<div class=\"elementor-element elementor-element-db4f2ea e-flex e-con-boxed e-con e-parent\" data-id=\"db4f2ea\" data-element_type=\"container\" data-e-type=\"container\" data-settings=\"{&quot;background_background&quot;:&quot;classic&quot;}\">\n\t\t\t\t\t<div class=\"e-con-inner\">\n\t\t<div class=\"elementor-element elementor-element-8b682f3 e-con-full e-flex e-con e-child\" data-id=\"8b682f3\" data-element_type=\"container\" data-e-type=\"container\" data-settings=\"{&quot;background_background&quot;:&quot;classic&quot;}\">\n\t\t\t\t<div class=\"elementor-element elementor-element-95a4f11 elementor-widget elementor-widget-heading\" data-id=\"95a4f11\" data-element_type=\"widget\" data-e-type=\"widget\" data-widget_type=\"heading.default\">\n\t\t\t\t<div class=\"elementor-widget-container\">\n\t\t\t\t\t<h2 class=\"elementor-heading-title elementor-size-default\">CRAS CENTEN\u00c1RIO<\/h2>\t\t\t\t<\/div>\n\t\t\t\t<\/div>\n\t\t\t\t<div class=\"elementor-element elementor-element-f8e26fd elementor-widget elementor-widget-text-editor\" data-id=\"f8e26fd\" data-element_type=\"widget\" data-e-type=\"widget\" data-widget_type=\"text-editor.default\">\n\t\t\t\t<div class=\"elementor-widget-container\">\n\t\t\t\t\t\t\t\t\t<p><strong>RUA MANOEL VIEIRA, S\/N \u2013 CENTEN\u00c1RIO<br \/>(COMPLEXO DE ASSIST\u00caNCIA SOCIAL)<br \/><\/strong><\/p>\t\t\t\t\t\t\t\t<\/div>\n\t\t\t\t<\/div>\n\t\t\t\t<div class=\"elementor-element elementor-element-71ab676 elementor-widget elementor-widget-google_maps\" data-id=\"71ab676\" data-element_type=\"widget\" data-e-type=\"widget\" data-widget_type=\"google_maps.default\">\n\t\t\t\t<div class=\"elementor-widget-container\">\n\t\t\t\t\t\t\t<div class=\"elementor-custom-embed\">\n\t\t\t<iframe loading=\"lazy\"\n\t\t\t\t\tsrc=\"https:\/\/maps.google.com\/maps?q=%28COMPLEXO%20DE%20ASSIST%C3%8ANCIA%20SOCIAL%29%20RUA%20MANOEL%20VIEIRA%2C%20733%20%E2%80%93%20CENTEN%C3%81RIO&#038;t=m&#038;z=10&#038;output=embed&#038;iwloc=near\"\n\t\t\t\t\ttitle=\"(COMPLEXO DE ASSIST\u00caNCIA SOCIAL) RUA MANOEL VIEIRA, 733 \u2013 CENTEN\u00c1RIO\"\n\t\t\t\t\taria-label=\"(COMPLEXO DE ASSIST\u00caNCIA SOCIAL) RUA MANOEL VIEIRA, 733 \u2013 CENTEN\u00c1RIO\"\n\t\t\t><\/iframe>\n\t\t<\/div>\n\t\t\t\t\t\t<\/div>\n\t\t\t\t<\/div>\n\t\t\t\t<\/div>\n\t\t<div class=\"elementor-element elementor-element-9276c3a e-con-full e-flex e-con e-child\" data-id=\"9276c3a\" data-element_type=\"container\" data-e-type=\"container\" data-settings=\"{&quot;background_background&quot;:&quot;classic&quot;}\">\n\t\t\t\t<div class=\"elementor-element elementor-element-ec9bcbb elementor-widget elementor-widget-heading\" data-id=\"ec9bcbb\" data-element_type=\"widget\" data-e-type=\"widget\" data-widget_type=\"heading.default\">\n\t\t\t\t<div class=\"elementor-widget-container\">\n\t\t\t\t\t<h2 class=\"elementor-heading-title elementor-size-default\">CRAS FIGUEIRA <\/h2>\t\t\t\t<\/div>\n\t\t\t\t<\/div>\n\t\t\t\t<div class=\"elementor-element elementor-element-03b1091 elementor-widget elementor-widget-text-editor\" data-id=\"03b1091\" data-element_type=\"widget\" data-e-type=\"widget\" data-widget_type=\"text-editor.default\">\n\t\t\t\t<div class=\"elementor-widget-container\">\n\t\t\t\t\t\t\t\t\t<p><strong>AV. WASHINGTON LUIZ, S\/N<br \/><\/strong><strong>(PR\u00d3X. A E.M. WALTER RUSSO)<\/strong><\/p>\t\t\t\t\t\t\t\t<\/div>\n\t\t\t\t<\/div>\n\t\t\t\t<div class=\"elementor-element elementor-element-58f20f8 elementor-widget elementor-widget-google_maps\" data-id=\"58f20f8\" data-element_type=\"widget\" data-e-type=\"widget\" data-widget_type=\"google_maps.default\">\n\t\t\t\t<div class=\"elementor-widget-container\">\n\t\t\t\t\t\t\t<div class=\"elementor-custom-embed\">\n\t\t\t<iframe loading=\"lazy\"\n\t\t\t\t\tsrc=\"https:\/\/maps.google.com\/maps?q=AV.%20WASHINGTON%20LUIZ%2C%20S%2FN%20-%20centen%C3%A1rio&#038;t=m&#038;z=10&#038;output=embed&#038;iwloc=near\"\n\t\t\t\t\ttitle=\"AV. WASHINGTON LUIZ, S\/N - centen\u00e1rio\"\n\t\t\t\t\taria-label=\"AV. WASHINGTON LUIZ, S\/N - centen\u00e1rio\"\n\t\t\t><\/iframe>\n\t\t<\/div>\n\t\t\t\t\t\t<\/div>\n\t\t\t\t<\/div>\n\t\t\t\t<\/div>\n\t\t<div class=\"elementor-element elementor-element-50fd45a e-con-full e-flex e-con e-child\" data-id=\"50fd45a\" data-element_type=\"container\" data-e-type=\"container\" data-settings=\"{&quot;background_background&quot;:&quot;classic&quot;}\">\n\t\t\t\t<div class=\"elementor-element elementor-element-4f3d130 elementor-widget elementor-widget-heading\" data-id=\"4f3d130\" data-element_type=\"widget\" data-e-type=\"widget\" data-widget_type=\"heading.default\">\n\t\t\t\t<div class=\"elementor-widget-container\">\n\t\t\t\t\t<h2 class=\"elementor-heading-title elementor-size-default\">CRAS IMBARIE <\/h2>\t\t\t\t<\/div>\n\t\t\t\t<\/div>\n\t\t\t\t<div class=\"elementor-element elementor-element-d4f8399 elementor-widget elementor-widget-text-editor\" data-id=\"d4f8399\" data-element_type=\"widget\" data-e-type=\"widget\" data-widget_type=\"text-editor.default\">\n\t\t\t\t<div class=\"elementor-widget-container\">\n\t\t\t\t\t\t\t\t\t<p><strong>RUA GOINDIRA, 54<\/strong><\/p>\t\t\t\t\t\t\t\t<\/div>\n\t\t\t\t<\/div>\n\t\t\t\t<div class=\"elementor-element elementor-element-364368d elementor-widget elementor-widget-google_maps\" data-id=\"364368d\" data-element_type=\"widget\" data-e-type=\"widget\" data-widget_type=\"google_maps.default\">\n\t\t\t\t<div class=\"elementor-widget-container\">\n\t\t\t\t\t\t\t<div class=\"elementor-custom-embed\">\n\t\t\t<iframe loading=\"lazy\"\n\t\t\t\t\tsrc=\"https:\/\/maps.google.com\/maps?q=RUA%20GOINDIRA%2C%2054&#038;t=m&#038;z=10&#038;output=embed&#038;iwloc=near\"\n\t\t\t\t\ttitle=\"RUA GOINDIRA, 54\"\n\t\t\t\t\taria-label=\"RUA GOINDIRA, 54\"\n\t\t\t><\/iframe>\n\t\t<\/div>\n\t\t\t\t\t\t<\/div>\n\t\t\t\t<\/div>\n\t\t\t\t<\/div>\n\t\t\t\t\t<\/div>\n\t\t\t\t<\/div>\n\t\t\t\t<\/div>\n\t\t","protected":false},"excerpt":{"rendered":"<p>Centro de Refer\u00eancia de Assist\u00eancia Social &#8211; CRAS Busca prevenir situa\u00e7\u00f5es de risco por meio do fortalecimento dos v\u00ednculos familiares e comunit\u00e1rios, e da amplia\u00e7\u00e3o do acesso aos direitos de cidadania. CRAS CENTEN\u00c1RIO RUA MANOEL VIEIRA, S\/N \u2013 CENTEN\u00c1RIO(COMPLEXO DE ASSIST\u00caNCIA SOCIAL) CRAS FIGUEIRA AV. WASHINGTON LUIZ, S\/N(PR\u00d3X. A E.M. WALTER RUSSO) CRAS IMBARIE RUA [&hellip;]<\/p>\n","protected":false},"author":268,"featured_media":0,"parent":0,"menu_order":0,"comment_status":"closed","ping_status":"closed","template":"","meta":{"footnotes":""},"class_list":["post-554","page","type-page","status-publish","hentry"],"_links":{"self":[{"href":"https:\/\/seasdih.duquedecaxias.rj.gov.br\/digital\/wp-json\/wp\/v2\/pages\/554","targetHints":{"allow":["GET"]}}],"collection":[{"href":"https:\/\/seasdih.duquedecaxias.rj.gov.br\/digital\/wp-json\/wp\/v2\/pages"}],"about":[{"href":"https:\/\/seasdih.duquedecaxias.rj.gov.br\/digital\/wp-json\/wp\/v2\/types\/page"}],"author":[{"embeddable":true,"href":"https:\/\/seasdih.duquedecaxias.rj.gov.br\/digital\/wp-json\/wp\/v2\/users\/268"}],"replies":[{"embeddable":true,"href":"https:\/\/seasdih.duquedecaxias.rj.gov.br\/digital\/wp-json\/wp\/v2\/comments?post=554"}],"version-history":[{"count":31,"href":"https:\/\/seasdih.duquedecaxias.rj.gov.br\/digital\/wp-json\/wp\/v2\/pages\/554\/revisions"}],"predecessor-version":[{"id":1423,"href":"https:\/\/seasdih.duquedecaxias.rj.gov.br\/digital\/wp-json\/wp\/v2\/pages\/554\/revisions\/1423"}],"wp:attachment":[{"href":"https:\/\/seasdih.duquedecaxias.rj.gov.br\/digital\/wp-json\/wp\/v2\/media?parent=554"}],"curies":[{"name":"wp","href":"https:\/\/api.w.org\/{rel}","templated":true}]}}