{"id":1568,"date":"2026-04-17T15:23:46","date_gmt":"2026-04-17T18:23:46","guid":{"rendered":"https:\/\/seasdih.duquedecaxias.rj.gov.br\/digital\/?page_id=1568"},"modified":"2026-04-17T22:38:51","modified_gmt":"2026-04-18T01:38:51","slug":"pss-2026","status":"publish","type":"page","link":"https:\/\/seasdih.duquedecaxias.rj.gov.br\/digital\/pss-2026\/","title":{"rendered":"PSS-2026"},"content":{"rendered":"\t\t<div data-elementor-type=\"wp-page\" data-elementor-id=\"1568\" class=\"elementor elementor-1568\" data-elementor-post-type=\"page\">\n\t\t\t\t<div class=\"elementor-element elementor-element-10d809d e-flex e-con-boxed e-con e-parent\" data-id=\"10d809d\" data-element_type=\"container\" data-e-type=\"container\">\n\t\t\t\t\t<div class=\"e-con-inner\">\n\t\t\t\t<div class=\"elementor-element elementor-element-2f438ba elementor-widget__width-inherit elementor-widget elementor-widget-heading\" data-id=\"2f438ba\" data-element_type=\"widget\" data-e-type=\"widget\" data-widget_type=\"heading.default\">\n\t\t\t\t<div class=\"elementor-widget-container\">\n\t\t\t\t\t<h2 class=\"elementor-heading-title elementor-size-default\">PSS 2026<\/h2>\t\t\t\t<\/div>\n\t\t\t\t<\/div>\n\t\t\t\t<div class=\"elementor-element elementor-element-bd28399 elementor-widget elementor-widget-text-editor\" data-id=\"bd28399\" data-element_type=\"widget\" data-e-type=\"widget\" data-widget_type=\"text-editor.default\">\n\t\t\t\t<div class=\"elementor-widget-container\">\n\t\t\t\t\t\t\t\t\t<p><strong>A PREFEITURA MUNICIPAL DE DUQUE DE CAXIAS<\/strong>, por interm\u00e9dio da\u00a0<strong>SECRETARIA MUNICIPAL DE ASSIST\u00caNCIA SOCIAL E DIREITOS HUMANOS &#8211; SMASDH<\/strong>, no uso de suas atribui\u00e7\u00f5es legais, torna p\u00fablica para conhecimento dos interessados, a abertura das inscri\u00e7\u00f5es para exame de Processo Seletivo Simplificado para Contrata\u00e7\u00e3o e Forma\u00e7\u00e3o de Cadastro Reserva de Profissionais que ir\u00e3o desenvolver atividades junto a Sede e Equipamentos da SMASDH na Execu\u00e7\u00e3o dos Programas e Projetos, nos termos do Art. 37, IX, da CRFB\/88, da Lei Municipal \u2116 1.922 de 08\/12\/2005 e altera\u00e7\u00f5es e em conformidade com os Decretos Municipais n\u00ba 5537 de 02\/02\/2009 e suas altera\u00e7\u00f5es, sendo a Comiss\u00e3o Organizadora do Processo Seletivo Simplificado 001\/2026, designada pela Portaria SMASDH n\u00ba 34\/2026, respons\u00e1vel pela coordena\u00e7\u00e3o e pelo andamento de todas as Etapas do Processo Simplificado, com base nas disposi\u00e7\u00f5es deste Edital.<\/p>\t\t\t\t\t\t\t\t<\/div>\n\t\t\t\t<\/div>\n\t\t\t\t\t<\/div>\n\t\t\t\t<\/div>\n\t\t<div class=\"elementor-element elementor-element-4967a90 e-flex e-con-boxed e-con e-parent\" data-id=\"4967a90\" data-element_type=\"container\" data-e-type=\"container\">\n\t\t\t\t\t<div class=\"e-con-inner\">\n\t\t<div class=\"elementor-element elementor-element-cdcb49f e-con-full e-flex e-con e-child\" data-id=\"cdcb49f\" data-element_type=\"container\" data-e-type=\"container\">\n\t\t\t\t<div class=\"elementor-element elementor-element-85aff80 elementor-widget__width-inherit elementor-widget elementor-widget-heading\" data-id=\"85aff80\" data-element_type=\"widget\" data-e-type=\"widget\" data-widget_type=\"heading.default\">\n\t\t\t\t<div class=\"elementor-widget-container\">\n\t\t\t\t\t<h2 class=\"elementor-heading-title elementor-size-default\">EDITAL PSS-2026<\/h2>\t\t\t\t<\/div>\n\t\t\t\t<\/div>\n\t\t\t\t<div class=\"elementor-element elementor-element-92ce923 elementor-widget elementor-widget-text-editor\" data-id=\"92ce923\" data-element_type=\"widget\" data-e-type=\"widget\" data-widget_type=\"text-editor.default\">\n\t\t\t\t<div class=\"elementor-widget-container\">\n\t\t\t\t\t\t\t\t\t<p>Leia atentamente o Edital. Verifique cada etapa do processo e acompanhe sempre as informa\u00e7\u00f5es publicadas neste site.<\/p>\t\t\t\t\t\t\t\t<\/div>\n\t\t\t\t<\/div>\n\t\t\t\t<div class=\"elementor-element elementor-element-c7ee896 elementor-widget__width-inherit elementor-align-justify elementor-widget elementor-widget-button\" data-id=\"c7ee896\" data-element_type=\"widget\" data-e-type=\"widget\" data-widget_type=\"button.default\">\n\t\t\t\t<div class=\"elementor-widget-container\">\n\t\t\t\t\t\t\t\t\t<div class=\"elementor-button-wrapper\">\n\t\t\t\t\t<a class=\"elementor-button elementor-button-link elementor-size-sm\" href=\"https:\/\/drive.google.com\/file\/d\/1uIlLTPH4lc9RL2iyUx9GtrJSkhmtKo_f\/view\" target=\"_blank\">\n\t\t\t\t\t\t<span class=\"elementor-button-content-wrapper\">\n\t\t\t\t\t\t\t\t\t<span class=\"elementor-button-text\">Acesse o Edital<\/span>\n\t\t\t\t\t<\/span>\n\t\t\t\t\t<\/a>\n\t\t\t\t<\/div>\n\t\t\t\t\t\t\t\t<\/div>\n\t\t\t\t<\/div>\n\t\t\t\t<\/div>\n\t\t\t\t\t<\/div>\n\t\t\t\t<\/div>\n\t\t\t\t<\/div>\n\t\t","protected":false},"excerpt":{"rendered":"<p>PSS 2026 A PREFEITURA MUNICIPAL DE DUQUE DE CAXIAS, por interm\u00e9dio da\u00a0SECRETARIA MUNICIPAL DE ASSIST\u00caNCIA SOCIAL E DIREITOS HUMANOS &#8211; SMASDH, no uso de suas atribui\u00e7\u00f5es legais, torna p\u00fablica para conhecimento dos interessados, a abertura das inscri\u00e7\u00f5es para exame de Processo Seletivo Simplificado para Contrata\u00e7\u00e3o e Forma\u00e7\u00e3o de Cadastro Reserva de Profissionais que ir\u00e3o desenvolver [&hellip;]<\/p>\n","protected":false},"author":7,"featured_media":0,"parent":0,"menu_order":0,"comment_status":"closed","ping_status":"closed","template":"","meta":{"footnotes":""},"class_list":["post-1568","page","type-page","status-publish","hentry"],"_links":{"self":[{"href":"https:\/\/seasdih.duquedecaxias.rj.gov.br\/digital\/wp-json\/wp\/v2\/pages\/1568","targetHints":{"allow":["GET"]}}],"collection":[{"href":"https:\/\/seasdih.duquedecaxias.rj.gov.br\/digital\/wp-json\/wp\/v2\/pages"}],"about":[{"href":"https:\/\/seasdih.duquedecaxias.rj.gov.br\/digital\/wp-json\/wp\/v2\/types\/page"}],"author":[{"embeddable":true,"href":"https:\/\/seasdih.duquedecaxias.rj.gov.br\/digital\/wp-json\/wp\/v2\/users\/7"}],"replies":[{"embeddable":true,"href":"https:\/\/seasdih.duquedecaxias.rj.gov.br\/digital\/wp-json\/wp\/v2\/comments?post=1568"}],"version-history":[{"count":4,"href":"https:\/\/seasdih.duquedecaxias.rj.gov.br\/digital\/wp-json\/wp\/v2\/pages\/1568\/revisions"}],"predecessor-version":[{"id":1586,"href":"https:\/\/seasdih.duquedecaxias.rj.gov.br\/digital\/wp-json\/wp\/v2\/pages\/1568\/revisions\/1586"}],"wp:attachment":[{"href":"https:\/\/seasdih.duquedecaxias.rj.gov.br\/digital\/wp-json\/wp\/v2\/media?parent=1568"}],"curies":[{"name":"wp","href":"https:\/\/api.w.org\/{rel}","templated":true}]}}