{"id":1513,"date":"2026-04-15T16:42:02","date_gmt":"2026-04-15T19:42:02","guid":{"rendered":"https:\/\/seasdih.duquedecaxias.rj.gov.br\/digital\/?page_id=1513"},"modified":"2026-04-15T16:54:16","modified_gmt":"2026-04-15T19:54:16","slug":"convocacao-2021","status":"publish","type":"page","link":"https:\/\/seasdih.duquedecaxias.rj.gov.br\/digital\/convocacao-2021\/","title":{"rendered":"Convoca\u00e7\u00e3o 2021"},"content":{"rendered":"\t\t<div data-elementor-type=\"wp-page\" data-elementor-id=\"1513\" class=\"elementor elementor-1513\" data-elementor-post-type=\"page\">\n\t\t\t\t<div class=\"elementor-element elementor-element-91df1be e-flex e-con-boxed e-con e-parent\" data-id=\"91df1be\" data-element_type=\"container\" data-e-type=\"container\">\n\t\t\t\t\t<div class=\"e-con-inner\">\n\t\t<div class=\"elementor-element elementor-element-254d1d2 e-con-full e-flex e-con e-child\" data-id=\"254d1d2\" data-element_type=\"container\" data-e-type=\"container\">\n\t\t\t\t<div class=\"elementor-element elementor-element-f5bc23b elementor-widget__width-inherit elementor-widget elementor-widget-heading\" data-id=\"f5bc23b\" data-element_type=\"widget\" data-e-type=\"widget\" data-widget_type=\"heading.default\">\n\t\t\t\t<div class=\"elementor-widget-container\">\n\t\t\t\t\t<h2 class=\"elementor-heading-title elementor-size-default\">CONVOCA\u00c7\u00c3O -  PSS 2021<\/h2>\t\t\t\t<\/div>\n\t\t\t\t<\/div>\n\t\t\t\t<div class=\"elementor-element elementor-element-630ea51 elementor-widget elementor-widget-text-editor\" data-id=\"630ea51\" data-element_type=\"widget\" data-e-type=\"widget\" data-widget_type=\"text-editor.default\">\n\t\t\t\t<div class=\"elementor-widget-container\">\n\t\t\t\t\t\t\t\t\t<p style=\"text-align: center;\">Basta apenas apertar em umas das datas que<br \/>sera aberto a lista do mesmo.<\/p>\t\t\t\t\t\t\t\t<\/div>\n\t\t\t\t<\/div>\n\t\t\t\t<\/div>\n\t\t\t\t\t<\/div>\n\t\t\t\t<\/div>\n\t\t<div class=\"elementor-element elementor-element-eaf2f24 e-flex e-con-boxed e-con e-parent\" data-id=\"eaf2f24\" data-element_type=\"container\" data-e-type=\"container\">\n\t\t\t\t\t<div class=\"e-con-inner\">\n\t\t<div class=\"elementor-element elementor-element-233b975 e-con-full e-flex e-con e-child\" data-id=\"233b975\" data-element_type=\"container\" data-e-type=\"container\">\n\t\t\t\t<div class=\"elementor-element elementor-element-1bdb6cc elementor-widget__width-inherit elementor-widget elementor-widget-heading\" data-id=\"1bdb6cc\" data-element_type=\"widget\" data-e-type=\"widget\" data-widget_type=\"heading.default\">\n\t\t\t\t<div class=\"elementor-widget-container\">\n\t\t\t\t\t<h4 class=\"elementor-heading-title elementor-size-default\">DIA xx SETEMBRO 20xx<\/h4>\t\t\t\t<\/div>\n\t\t\t\t<\/div>\n\t\t\t\t<div class=\"elementor-element elementor-element-6dcb5ba elementor-widget elementor-widget-n-accordion\" data-id=\"6dcb5ba\" data-element_type=\"widget\" data-e-type=\"widget\" data-settings=\"{&quot;default_state&quot;:&quot;all_collapsed&quot;,&quot;max_items_expended&quot;:&quot;one&quot;,&quot;n_accordion_animation_duration&quot;:{&quot;unit&quot;:&quot;ms&quot;,&quot;size&quot;:400,&quot;sizes&quot;:[]}}\" data-widget_type=\"nested-accordion.default\">\n\t\t\t\t<div class=\"elementor-widget-container\">\n\t\t\t\t\t\t\t<div class=\"e-n-accordion\" aria-label=\"Accordion. Open links with Enter or Space, close with Escape, and navigate with Arrow Keys\">\n\t\t\t\t\t\t<details id=\"e-n-accordion-item-1150\" class=\"e-n-accordion-item\" >\n\t\t\t\t<summary class=\"e-n-accordion-item-title\" data-accordion-index=\"1\" tabindex=\"0\" aria-expanded=\"false\" aria-controls=\"e-n-accordion-item-1150\" >\n\t\t\t\t\t<span class='e-n-accordion-item-title-header'><div class=\"e-n-accordion-item-title-text\"> 9h \u00e0s 11h40 e 13h30 \u00e0s 16h30 (2\u00aa feira) <\/div><\/span>\n\t\t\t\t\t\t\t<span class='e-n-accordion-item-title-icon'>\n\t\t\t<span class='e-opened' ><svg aria-hidden=\"true\" class=\"e-font-icon-svg e-fas-arrow-circle-up\" viewBox=\"0 0 512 512\" xmlns=\"http:\/\/www.w3.org\/2000\/svg\"><path d=\"M8 256C8 119 119 8 256 8s248 111 248 248-111 248-248 248S8 393 8 256zm143.6 28.9l72.4-75.5V392c0 13.3 10.7 24 24 24h16c13.3 0 24-10.7 24-24V209.4l72.4 75.5c9.3 9.7 24.8 9.9 34.3.4l10.9-11c9.4-9.4 9.4-24.6 0-33.9L273 107.7c-9.4-9.4-24.6-9.4-33.9 0L106.3 240.4c-9.4 9.4-9.4 24.6 0 33.9l10.9 11c9.6 9.5 25.1 9.3 34.4-.4z\"><\/path><\/svg><\/span>\n\t\t\t<span class='e-closed'><svg aria-hidden=\"true\" class=\"e-font-icon-svg e-fas-arrow-alt-circle-down\" viewBox=\"0 0 512 512\" xmlns=\"http:\/\/www.w3.org\/2000\/svg\"><path d=\"M504 256c0 137-111 248-248 248S8 393 8 256 119 8 256 8s248 111 248 248zM212 140v116h-70.9c-10.7 0-16.1 13-8.5 20.5l114.9 114.3c4.7 4.7 12.2 4.7 16.9 0l114.9-114.3c7.6-7.6 2.2-20.5-8.5-20.5H300V140c0-6.6-5.4-12-12-12h-64c-6.6 0-12 5.4-12 12z\"><\/path><\/svg><\/span>\n\t\t<\/span>\n\n\t\t\t\t\t\t<\/summary>\n\t\t\t\t<div role=\"region\" aria-labelledby=\"e-n-accordion-item-1150\" class=\"elementor-element elementor-element-434fd7d e-con-full e-flex e-con e-child\" data-id=\"434fd7d\" data-element_type=\"container\" data-e-type=\"container\">\n\t\t\t\t<\/div>\n\t\t\t\t\t<\/details>\n\t\t\t\t\t<\/div>\n\t\t\t\t\t\t<\/div>\n\t\t\t\t<\/div>\n\t\t\t\t<\/div>\n\t\t\t\t\t<\/div>\n\t\t\t\t<\/div>\n\t\t\t\t<\/div>\n\t\t","protected":false},"excerpt":{"rendered":"<p>CONVOCA\u00c7\u00c3O &#8211; PSS 2021 Basta apenas apertar em umas das datas quesera aberto a lista do mesmo. DIA xx SETEMBRO 20xx 9h \u00e0s 11h40 e 13h30 \u00e0s 16h30 (2\u00aa feira)<\/p>\n","protected":false},"author":7,"featured_media":0,"parent":0,"menu_order":0,"comment_status":"closed","ping_status":"closed","template":"","meta":{"footnotes":""},"class_list":["post-1513","page","type-page","status-publish","hentry"],"_links":{"self":[{"href":"https:\/\/seasdih.duquedecaxias.rj.gov.br\/digital\/wp-json\/wp\/v2\/pages\/1513","targetHints":{"allow":["GET"]}}],"collection":[{"href":"https:\/\/seasdih.duquedecaxias.rj.gov.br\/digital\/wp-json\/wp\/v2\/pages"}],"about":[{"href":"https:\/\/seasdih.duquedecaxias.rj.gov.br\/digital\/wp-json\/wp\/v2\/types\/page"}],"author":[{"embeddable":true,"href":"https:\/\/seasdih.duquedecaxias.rj.gov.br\/digital\/wp-json\/wp\/v2\/users\/7"}],"replies":[{"embeddable":true,"href":"https:\/\/seasdih.duquedecaxias.rj.gov.br\/digital\/wp-json\/wp\/v2\/comments?post=1513"}],"version-history":[{"count":7,"href":"https:\/\/seasdih.duquedecaxias.rj.gov.br\/digital\/wp-json\/wp\/v2\/pages\/1513\/revisions"}],"predecessor-version":[{"id":1526,"href":"https:\/\/seasdih.duquedecaxias.rj.gov.br\/digital\/wp-json\/wp\/v2\/pages\/1513\/revisions\/1526"}],"wp:attachment":[{"href":"https:\/\/seasdih.duquedecaxias.rj.gov.br\/digital\/wp-json\/wp\/v2\/media?parent=1513"}],"curies":[{"name":"wp","href":"https:\/\/api.w.org\/{rel}","templated":true}]}}