{"id":1123,"date":"2026-01-30T13:46:29","date_gmt":"2026-01-30T16:46:29","guid":{"rendered":"https:\/\/seasdih.duquedecaxias.rj.gov.br\/digital\/?page_id=1123"},"modified":"2026-04-16T15:26:27","modified_gmt":"2026-04-16T18:26:27","slug":"convocacao-2024-2","status":"publish","type":"page","link":"https:\/\/seasdih.duquedecaxias.rj.gov.br\/digital\/convocacao-2024-2\/","title":{"rendered":"Convoca\u00e7\u00e3o 2024.2"},"content":{"rendered":"\t\t<div data-elementor-type=\"wp-page\" data-elementor-id=\"1123\" class=\"elementor elementor-1123\" data-elementor-post-type=\"page\">\n\t\t\t\t<div class=\"elementor-element elementor-element-91df1be e-flex e-con-boxed e-con e-parent\" data-id=\"91df1be\" data-element_type=\"container\" data-e-type=\"container\">\n\t\t\t\t\t<div class=\"e-con-inner\">\n\t\t<div class=\"elementor-element elementor-element-254d1d2 e-con-full e-flex e-con e-child\" data-id=\"254d1d2\" data-element_type=\"container\" data-e-type=\"container\">\n\t\t\t\t<div class=\"elementor-element elementor-element-f5bc23b elementor-widget__width-inherit elementor-widget elementor-widget-heading\" data-id=\"f5bc23b\" data-element_type=\"widget\" data-e-type=\"widget\" data-widget_type=\"heading.default\">\n\t\t\t\t<div class=\"elementor-widget-container\">\n\t\t\t\t\t<h2 class=\"elementor-heading-title elementor-size-default\">CONVOCA\u00c7\u00c3O -  PSS 2024.2<\/h2>\t\t\t\t<\/div>\n\t\t\t\t<\/div>\n\t\t\t\t<div class=\"elementor-element elementor-element-630ea51 elementor-widget elementor-widget-text-editor\" data-id=\"630ea51\" data-element_type=\"widget\" data-e-type=\"widget\" data-widget_type=\"text-editor.default\">\n\t\t\t\t<div class=\"elementor-widget-container\">\n\t\t\t\t\t\t\t\t\t<p style=\"text-align: center;\">Basta apenas apertar em umas das datas que<br \/>sera aberto a lista do mesmo.<\/p>\t\t\t\t\t\t\t\t<\/div>\n\t\t\t\t<\/div>\n\t\t\t\t<\/div>\n\t\t\t\t\t<\/div>\n\t\t\t\t<\/div>\n\t\t<div class=\"elementor-element elementor-element-eaf2f24 e-flex e-con-boxed e-con e-parent\" data-id=\"eaf2f24\" data-element_type=\"container\" data-e-type=\"container\">\n\t\t\t\t\t<div class=\"e-con-inner\">\n\t\t<div class=\"elementor-element elementor-element-233b975 e-con-full e-flex e-con e-child\" data-id=\"233b975\" data-element_type=\"container\" data-e-type=\"container\">\n\t\t\t\t<div class=\"elementor-element elementor-element-1bdb6cc elementor-widget__width-inherit elementor-widget elementor-widget-heading\" data-id=\"1bdb6cc\" data-element_type=\"widget\" data-e-type=\"widget\" data-widget_type=\"heading.default\">\n\t\t\t\t<div class=\"elementor-widget-container\">\n\t\t\t\t\t<h4 class=\"elementor-heading-title elementor-size-default\">DIA 8 SETEMBRO 2025<\/h4>\t\t\t\t<\/div>\n\t\t\t\t<\/div>\n\t\t\t\t<div class=\"elementor-element elementor-element-6dcb5ba elementor-widget elementor-widget-n-accordion\" data-id=\"6dcb5ba\" data-element_type=\"widget\" data-e-type=\"widget\" data-settings=\"{&quot;default_state&quot;:&quot;all_collapsed&quot;,&quot;max_items_expended&quot;:&quot;one&quot;,&quot;n_accordion_animation_duration&quot;:{&quot;unit&quot;:&quot;ms&quot;,&quot;size&quot;:400,&quot;sizes&quot;:[]}}\" data-widget_type=\"nested-accordion.default\">\n\t\t\t\t<div class=\"elementor-widget-container\">\n\t\t\t\t\t\t\t<div class=\"e-n-accordion\" aria-label=\"Accordion. Open links with Enter or Space, close with Escape, and navigate with Arrow Keys\">\n\t\t\t\t\t\t<details id=\"e-n-accordion-item-1150\" class=\"e-n-accordion-item\" >\n\t\t\t\t<summary class=\"e-n-accordion-item-title\" data-accordion-index=\"1\" tabindex=\"0\" aria-expanded=\"false\" aria-controls=\"e-n-accordion-item-1150\" >\n\t\t\t\t\t<span class='e-n-accordion-item-title-header'><div class=\"e-n-accordion-item-title-text\"> 9h \u00e0s 12h e 13h30 \u00e0s 16h (2\u00aa feira) <\/div><\/span>\n\t\t\t\t\t\t\t<span class='e-n-accordion-item-title-icon'>\n\t\t\t<span class='e-opened' ><svg aria-hidden=\"true\" class=\"e-font-icon-svg e-fas-arrow-circle-up\" viewBox=\"0 0 512 512\" xmlns=\"http:\/\/www.w3.org\/2000\/svg\"><path d=\"M8 256C8 119 119 8 256 8s248 111 248 248-111 248-248 248S8 393 8 256zm143.6 28.9l72.4-75.5V392c0 13.3 10.7 24 24 24h16c13.3 0 24-10.7 24-24V209.4l72.4 75.5c9.3 9.7 24.8 9.9 34.3.4l10.9-11c9.4-9.4 9.4-24.6 0-33.9L273 107.7c-9.4-9.4-24.6-9.4-33.9 0L106.3 240.4c-9.4 9.4-9.4 24.6 0 33.9l10.9 11c9.6 9.5 25.1 9.3 34.4-.4z\"><\/path><\/svg><\/span>\n\t\t\t<span class='e-closed'><svg aria-hidden=\"true\" class=\"e-font-icon-svg e-fas-arrow-alt-circle-down\" viewBox=\"0 0 512 512\" xmlns=\"http:\/\/www.w3.org\/2000\/svg\"><path d=\"M504 256c0 137-111 248-248 248S8 393 8 256 119 8 256 8s248 111 248 248zM212 140v116h-70.9c-10.7 0-16.1 13-8.5 20.5l114.9 114.3c4.7 4.7 12.2 4.7 16.9 0l114.9-114.3c7.6-7.6 2.2-20.5-8.5-20.5H300V140c0-6.6-5.4-12-12-12h-64c-6.6 0-12 5.4-12 12z\"><\/path><\/svg><\/span>\n\t\t<\/span>\n\n\t\t\t\t\t\t<\/summary>\n\t\t\t\t<div role=\"region\" aria-labelledby=\"e-n-accordion-item-1150\" class=\"elementor-element elementor-element-434fd7d e-con-full e-flex e-con e-child\" data-id=\"434fd7d\" data-element_type=\"container\" data-e-type=\"container\">\n\t\t\t\t<div class=\"elementor-element elementor-element-8a5095d elementor-widget elementor-widget-shortcode\" data-id=\"8a5095d\" data-element_type=\"widget\" data-e-type=\"widget\" data-widget_type=\"shortcode.default\">\n\t\t\t\t<div class=\"elementor-widget-container\">\n\t\t\t\t\t\t\t<div class=\"elementor-shortcode\"><style>\n.convocados-wrapper {\n  width: 100%;\n  font-family: Arial, sans-serif;\n}\n\n.convocados-table {\n  width: 100%;\n  border-collapse: collapse;\n}\n\n.convocados-table th,\n.convocados-table td {\n  border: 1px solid #ddd;\n  padding: 10px;\n  text-align: left;\n}\n\n.convocados-table th {\n  background-color: #f2f2f2;\n  font-weight: bold;\n}\n\n.convocados-footer {\n  margin-top: 20px;\n  font-size: 14px;\n}\n\n.convocados-footer strong {\n  display: block;\n  font-size: 18px;\n  margin-bottom: 8px;\n}\n<\/style>\n\n<div class=\"convocados-wrapper\">\n\n  <table class=\"convocados-table\">\n    <thead>\n      <tr>\n        <th>Fun\u00e7\u00e3o<\/th>\n        <th>Classifica\u00e7\u00e3o<\/th>\n      <\/tr>\n    <\/thead>\n    <tbody>\n      <tr><td>ASSISTENTE DE SERVI\u00c7OS<\/td><td>57\u00b0 ao 68\u00b0 classificados<\/td><\/tr>\n      <tr><td>ATENDENTE DE CADASTRO<\/td><td>83\u00b0 ao 97\u00b0 classificados<\/td><\/tr>\n    <\/tbody>\n  <\/table>\n\n  <div class=\"convocados-footer\">\n    <strong>Local de apresenta\u00e7\u00e3o dos convocados<\/strong>\n    Secretaria Municipal de Assist\u00eancia Social e Direitos Humanos, situada na Avenida Brigadeiro Lima e Silva, 1618, 3\u00ba andar, Jardim Vinte e Cinco de Agosto, Duque de Caxias, RJ\n  <\/div><\/div>\n\t\t\t\t\t\t<\/div>\n\t\t\t\t<\/div>\n\t\t\t\t<\/div>\n\t\t\t\t\t<\/details>\n\t\t\t\t\t<\/div>\n\t\t\t\t\t\t<\/div>\n\t\t\t\t<\/div>\n\t\t\t\t<\/div>\n\t\t\t\t\t<\/div>\n\t\t\t\t<\/div>\n\t\t<div class=\"elementor-element elementor-element-90c031a e-flex e-con-boxed e-con e-parent\" data-id=\"90c031a\" data-element_type=\"container\" data-e-type=\"container\">\n\t\t\t\t\t<div class=\"e-con-inner\">\n\t\t<div class=\"elementor-element elementor-element-f1c5dd6 e-con-full e-flex e-con e-child\" data-id=\"f1c5dd6\" data-element_type=\"container\" data-e-type=\"container\">\n\t\t\t\t<div class=\"elementor-element elementor-element-2325428 elementor-widget__width-inherit elementor-widget elementor-widget-heading\" data-id=\"2325428\" data-element_type=\"widget\" data-e-type=\"widget\" data-widget_type=\"heading.default\">\n\t\t\t\t<div class=\"elementor-widget-container\">\n\t\t\t\t\t<h4 class=\"elementor-heading-title elementor-size-default\">DIA 23 JANEIRO 2025<\/h4>\t\t\t\t<\/div>\n\t\t\t\t<\/div>\n\t\t\t\t<div class=\"elementor-element elementor-element-f14b8d7 elementor-widget elementor-widget-n-accordion\" data-id=\"f14b8d7\" data-element_type=\"widget\" data-e-type=\"widget\" data-settings=\"{&quot;default_state&quot;:&quot;all_collapsed&quot;,&quot;max_items_expended&quot;:&quot;one&quot;,&quot;n_accordion_animation_duration&quot;:{&quot;unit&quot;:&quot;ms&quot;,&quot;size&quot;:400,&quot;sizes&quot;:[]}}\" data-widget_type=\"nested-accordion.default\">\n\t\t\t\t<div class=\"elementor-widget-container\">\n\t\t\t\t\t\t\t<div class=\"e-n-accordion\" aria-label=\"Accordion. Open links with Enter or Space, close with Escape, and navigate with Arrow Keys\">\n\t\t\t\t\t\t<details id=\"e-n-accordion-item-2530\" class=\"e-n-accordion-item\" >\n\t\t\t\t<summary class=\"e-n-accordion-item-title\" data-accordion-index=\"1\" tabindex=\"0\" aria-expanded=\"false\" aria-controls=\"e-n-accordion-item-2530\" >\n\t\t\t\t\t<span class='e-n-accordion-item-title-header'><div class=\"e-n-accordion-item-title-text\"> 10h \u00e0s 12h e 13h \u00e0s 16h (5\u00aa feira) <\/div><\/span>\n\t\t\t\t\t\t\t<span class='e-n-accordion-item-title-icon'>\n\t\t\t<span class='e-opened' ><svg aria-hidden=\"true\" class=\"e-font-icon-svg e-fas-arrow-circle-up\" viewBox=\"0 0 512 512\" xmlns=\"http:\/\/www.w3.org\/2000\/svg\"><path d=\"M8 256C8 119 119 8 256 8s248 111 248 248-111 248-248 248S8 393 8 256zm143.6 28.9l72.4-75.5V392c0 13.3 10.7 24 24 24h16c13.3 0 24-10.7 24-24V209.4l72.4 75.5c9.3 9.7 24.8 9.9 34.3.4l10.9-11c9.4-9.4 9.4-24.6 0-33.9L273 107.7c-9.4-9.4-24.6-9.4-33.9 0L106.3 240.4c-9.4 9.4-9.4 24.6 0 33.9l10.9 11c9.6 9.5 25.1 9.3 34.4-.4z\"><\/path><\/svg><\/span>\n\t\t\t<span class='e-closed'><svg aria-hidden=\"true\" class=\"e-font-icon-svg e-fas-arrow-alt-circle-down\" viewBox=\"0 0 512 512\" xmlns=\"http:\/\/www.w3.org\/2000\/svg\"><path d=\"M504 256c0 137-111 248-248 248S8 393 8 256 119 8 256 8s248 111 248 248zM212 140v116h-70.9c-10.7 0-16.1 13-8.5 20.5l114.9 114.3c4.7 4.7 12.2 4.7 16.9 0l114.9-114.3c7.6-7.6 2.2-20.5-8.5-20.5H300V140c0-6.6-5.4-12-12-12h-64c-6.6 0-12 5.4-12 12z\"><\/path><\/svg><\/span>\n\t\t<\/span>\n\n\t\t\t\t\t\t<\/summary>\n\t\t\t\t<div role=\"region\" aria-labelledby=\"e-n-accordion-item-2530\" class=\"elementor-element elementor-element-097e278 e-con-full e-flex e-con e-child\" data-id=\"097e278\" data-element_type=\"container\" data-e-type=\"container\">\n\t\t\t\t<div class=\"elementor-element elementor-element-0e7ccc5 elementor-widget elementor-widget-shortcode\" data-id=\"0e7ccc5\" data-element_type=\"widget\" data-e-type=\"widget\" data-widget_type=\"shortcode.default\">\n\t\t\t\t<div class=\"elementor-widget-container\">\n\t\t\t\t\t\t\t<div class=\"elementor-shortcode\"><style>\n.convocados-wrapper {\n  width: 100%;\n  font-family: Arial, sans-serif;\n}\n\n.convocados-table {\n  width: 100%;\n  border-collapse: collapse;\n}\n\n.convocados-table th,\n.convocados-table td {\n  border: 1px solid #ddd;\n  padding: 10px;\n  text-align: left;\n}\n\n.convocados-table th {\n  background-color: #f2f2f2;\n  font-weight: bold;\n}\n\n.convocados-footer {\n  margin-top: 20px;\n  font-size: 14px;\n}\n\n.convocados-footer strong {\n  display: block;\n  font-size: 18px;\n  margin-bottom: 8px;\n}\n<\/style>\n\n<div class=\"convocados-wrapper\">\n\n  <table class=\"convocados-table\">\n    <thead>\n      <tr>\n        <th>Fun\u00e7\u00e3o<\/th>\n        <th>Classifica\u00e7\u00e3o<\/th>\n      <\/tr>\n    <\/thead>\n    <tbody>\n      <tr><td>ASSISTENTE DE SERVI\u00c7OS<\/td><td>53\u00b0 ao 56\u00b0 colocado<\/td><\/tr>\n      <tr><td>ATENDENTE DE CADASTRO<\/td><td>76\u00b0 ao 82\u00b0 colocado<\/td><\/tr>\n    <\/tbody>\n  <\/table>\n\n  <div class=\"convocados-footer\">\n    <strong>Local de apresenta\u00e7\u00e3o dos convocados<\/strong>\n    Secretaria Municipal de Assist\u00eancia Social e Direitos Humanos, situada na Avenida Brigadeiro Lima e Silva, 1618, 3\u00ba andar, Jardim Vinte e Cinco de Agosto, Duque de Caxias, RJ\n  <\/div><\/div>\n\t\t\t\t\t\t<\/div>\n\t\t\t\t<\/div>\n\t\t\t\t<\/div>\n\t\t\t\t\t<\/details>\n\t\t\t\t\t<\/div>\n\t\t\t\t\t\t<\/div>\n\t\t\t\t<\/div>\n\t\t\t\t<\/div>\n\t\t\t\t\t<\/div>\n\t\t\t\t<\/div>\n\t\t<div class=\"elementor-element elementor-element-bcdafc1 e-flex e-con-boxed e-con e-parent\" data-id=\"bcdafc1\" data-element_type=\"container\" data-e-type=\"container\">\n\t\t\t\t\t<div class=\"e-con-inner\">\n\t\t<div class=\"elementor-element elementor-element-9fd86a0 e-con-full e-flex e-con e-child\" data-id=\"9fd86a0\" data-element_type=\"container\" data-e-type=\"container\">\n\t\t\t\t<div class=\"elementor-element elementor-element-043e29b elementor-widget__width-inherit elementor-widget elementor-widget-heading\" data-id=\"043e29b\" data-element_type=\"widget\" data-e-type=\"widget\" data-widget_type=\"heading.default\">\n\t\t\t\t<div class=\"elementor-widget-container\">\n\t\t\t\t\t<h4 class=\"elementor-heading-title elementor-size-default\">DIA 28 JUNHO 2024<\/h4>\t\t\t\t<\/div>\n\t\t\t\t<\/div>\n\t\t\t\t<div class=\"elementor-element elementor-element-00429eb elementor-widget elementor-widget-n-accordion\" data-id=\"00429eb\" data-element_type=\"widget\" data-e-type=\"widget\" data-settings=\"{&quot;default_state&quot;:&quot;all_collapsed&quot;,&quot;max_items_expended&quot;:&quot;one&quot;,&quot;n_accordion_animation_duration&quot;:{&quot;unit&quot;:&quot;ms&quot;,&quot;size&quot;:400,&quot;sizes&quot;:[]}}\" data-widget_type=\"nested-accordion.default\">\n\t\t\t\t<div class=\"elementor-widget-container\">\n\t\t\t\t\t\t\t<div class=\"e-n-accordion\" aria-label=\"Accordion. Open links with Enter or Space, close with Escape, and navigate with Arrow Keys\">\n\t\t\t\t\t\t<details id=\"e-n-accordion-item-2720\" class=\"e-n-accordion-item\" >\n\t\t\t\t<summary class=\"e-n-accordion-item-title\" data-accordion-index=\"1\" tabindex=\"0\" aria-expanded=\"false\" aria-controls=\"e-n-accordion-item-2720\" >\n\t\t\t\t\t<span class='e-n-accordion-item-title-header'><div class=\"e-n-accordion-item-title-text\"> 9h \u00e0s 15h (6\u00aa feira) <\/div><\/span>\n\t\t\t\t\t\t\t<span class='e-n-accordion-item-title-icon'>\n\t\t\t<span class='e-opened' ><svg aria-hidden=\"true\" class=\"e-font-icon-svg e-fas-arrow-circle-up\" viewBox=\"0 0 512 512\" xmlns=\"http:\/\/www.w3.org\/2000\/svg\"><path d=\"M8 256C8 119 119 8 256 8s248 111 248 248-111 248-248 248S8 393 8 256zm143.6 28.9l72.4-75.5V392c0 13.3 10.7 24 24 24h16c13.3 0 24-10.7 24-24V209.4l72.4 75.5c9.3 9.7 24.8 9.9 34.3.4l10.9-11c9.4-9.4 9.4-24.6 0-33.9L273 107.7c-9.4-9.4-24.6-9.4-33.9 0L106.3 240.4c-9.4 9.4-9.4 24.6 0 33.9l10.9 11c9.6 9.5 25.1 9.3 34.4-.4z\"><\/path><\/svg><\/span>\n\t\t\t<span class='e-closed'><svg aria-hidden=\"true\" class=\"e-font-icon-svg e-fas-arrow-alt-circle-down\" viewBox=\"0 0 512 512\" xmlns=\"http:\/\/www.w3.org\/2000\/svg\"><path d=\"M504 256c0 137-111 248-248 248S8 393 8 256 119 8 256 8s248 111 248 248zM212 140v116h-70.9c-10.7 0-16.1 13-8.5 20.5l114.9 114.3c4.7 4.7 12.2 4.7 16.9 0l114.9-114.3c7.6-7.6 2.2-20.5-8.5-20.5H300V140c0-6.6-5.4-12-12-12h-64c-6.6 0-12 5.4-12 12z\"><\/path><\/svg><\/span>\n\t\t<\/span>\n\n\t\t\t\t\t\t<\/summary>\n\t\t\t\t<div role=\"region\" aria-labelledby=\"e-n-accordion-item-2720\" class=\"elementor-element elementor-element-5e864f3 e-con-full e-flex e-con e-child\" data-id=\"5e864f3\" data-element_type=\"container\" data-e-type=\"container\">\n\t\t\t\t<div class=\"elementor-element elementor-element-6c26681 elementor-widget elementor-widget-shortcode\" data-id=\"6c26681\" data-element_type=\"widget\" data-e-type=\"widget\" data-widget_type=\"shortcode.default\">\n\t\t\t\t<div class=\"elementor-widget-container\">\n\t\t\t\t\t\t\t<div class=\"elementor-shortcode\"><style>\n.convocados-wrapper {\n  width: 100%;\n  font-family: Arial, sans-serif;\n}\n\n.convocados-table {\n  width: 100%;\n  border-collapse: collapse;\n}\n\n.convocados-table th,\n.convocados-table td {\n  border: 1px solid #ddd;\n  padding: 10px;\n  text-align: left;\n}\n\n.convocados-table th {\n  background-color: #f2f2f2;\n  font-weight: bold;\n}\n\n.convocados-footer {\n  margin-top: 20px;\n  font-size: 14px;\n}\n\n.convocados-footer strong {\n  display: block;\n  font-size: 18px;\n  margin-bottom: 8px;\n}\n<\/style>\n\n<div class=\"convocados-wrapper\">\n\n  <table class=\"convocados-table\">\n    <thead>\n      <tr>\n        <th>Fun\u00e7\u00e3o<\/th>\n        <th>Classifica\u00e7\u00e3o<\/th>\n      <\/tr>\n    <\/thead>\n    <tbody>\n      <tr><td>ASSISTENTE DE SERVI\u00c7OS<\/td><td>51\u00b0 ao 52\u00b0 classificados<\/td><\/tr>\n      <tr><td>ATENDENTE DE CADASTRO<\/td><td>71\u00b0 ao 75\u00b0 classificados<\/td><\/tr>\n    <\/tbody>\n  <\/table>\n\n  <div class=\"convocados-footer\">\n    <strong>Local de apresenta\u00e7\u00e3o dos convocados<\/strong>\n    Secretaria Municipal de Assist\u00eancia Social e Direitos Humanos, situada na Avenida Brigadeiro Lima e Silva, 1618, 3\u00ba andar, Jardim Vinte e Cinco de Agosto, Duque de Caxias, RJ\n  <\/div>\n\n<\/div><\/div>\n\t\t\t\t\t\t<\/div>\n\t\t\t\t<\/div>\n\t\t\t\t<\/div>\n\t\t\t\t\t<\/details>\n\t\t\t\t\t<\/div>\n\t\t\t\t\t\t<\/div>\n\t\t\t\t<\/div>\n\t\t\t\t<\/div>\n\t\t\t\t\t<\/div>\n\t\t\t\t<\/div>\n\t\t<div class=\"elementor-element elementor-element-05b9062 e-flex e-con-boxed e-con e-parent\" data-id=\"05b9062\" data-element_type=\"container\" data-e-type=\"container\">\n\t\t\t\t\t<div class=\"e-con-inner\">\n\t\t<div class=\"elementor-element elementor-element-e530dcf e-con-full e-flex e-con e-child\" data-id=\"e530dcf\" data-element_type=\"container\" data-e-type=\"container\">\n\t\t\t\t<div class=\"elementor-element elementor-element-68885d6 elementor-widget__width-inherit elementor-widget elementor-widget-heading\" data-id=\"68885d6\" data-element_type=\"widget\" data-e-type=\"widget\" data-widget_type=\"heading.default\">\n\t\t\t\t<div class=\"elementor-widget-container\">\n\t\t\t\t\t<h4 class=\"elementor-heading-title elementor-size-default\">DIA 24 JUNHO 2024<\/h4>\t\t\t\t<\/div>\n\t\t\t\t<\/div>\n\t\t\t\t<div class=\"elementor-element elementor-element-c72bcb7 elementor-widget elementor-widget-n-accordion\" data-id=\"c72bcb7\" data-element_type=\"widget\" data-e-type=\"widget\" data-settings=\"{&quot;default_state&quot;:&quot;all_collapsed&quot;,&quot;max_items_expended&quot;:&quot;one&quot;,&quot;n_accordion_animation_duration&quot;:{&quot;unit&quot;:&quot;ms&quot;,&quot;size&quot;:400,&quot;sizes&quot;:[]}}\" data-widget_type=\"nested-accordion.default\">\n\t\t\t\t<div class=\"elementor-widget-container\">\n\t\t\t\t\t\t\t<div class=\"e-n-accordion\" aria-label=\"Accordion. Open links with Enter or Space, close with Escape, and navigate with Arrow Keys\">\n\t\t\t\t\t\t<details id=\"e-n-accordion-item-2080\" class=\"e-n-accordion-item\" >\n\t\t\t\t<summary class=\"e-n-accordion-item-title\" data-accordion-index=\"1\" tabindex=\"0\" aria-expanded=\"false\" aria-controls=\"e-n-accordion-item-2080\" >\n\t\t\t\t\t<span class='e-n-accordion-item-title-header'><div class=\"e-n-accordion-item-title-text\"> 9h \u00e0s 12h e 13h30 \u00e0s 16h (2\u00aa feira) <\/div><\/span>\n\t\t\t\t\t\t\t<span class='e-n-accordion-item-title-icon'>\n\t\t\t<span class='e-opened' ><svg aria-hidden=\"true\" class=\"e-font-icon-svg e-fas-arrow-circle-up\" viewBox=\"0 0 512 512\" xmlns=\"http:\/\/www.w3.org\/2000\/svg\"><path d=\"M8 256C8 119 119 8 256 8s248 111 248 248-111 248-248 248S8 393 8 256zm143.6 28.9l72.4-75.5V392c0 13.3 10.7 24 24 24h16c13.3 0 24-10.7 24-24V209.4l72.4 75.5c9.3 9.7 24.8 9.9 34.3.4l10.9-11c9.4-9.4 9.4-24.6 0-33.9L273 107.7c-9.4-9.4-24.6-9.4-33.9 0L106.3 240.4c-9.4 9.4-9.4 24.6 0 33.9l10.9 11c9.6 9.5 25.1 9.3 34.4-.4z\"><\/path><\/svg><\/span>\n\t\t\t<span class='e-closed'><svg aria-hidden=\"true\" class=\"e-font-icon-svg e-fas-arrow-alt-circle-down\" viewBox=\"0 0 512 512\" xmlns=\"http:\/\/www.w3.org\/2000\/svg\"><path d=\"M504 256c0 137-111 248-248 248S8 393 8 256 119 8 256 8s248 111 248 248zM212 140v116h-70.9c-10.7 0-16.1 13-8.5 20.5l114.9 114.3c4.7 4.7 12.2 4.7 16.9 0l114.9-114.3c7.6-7.6 2.2-20.5-8.5-20.5H300V140c0-6.6-5.4-12-12-12h-64c-6.6 0-12 5.4-12 12z\"><\/path><\/svg><\/span>\n\t\t<\/span>\n\n\t\t\t\t\t\t<\/summary>\n\t\t\t\t<div role=\"region\" aria-labelledby=\"e-n-accordion-item-2080\" class=\"elementor-element elementor-element-3a4387a e-con-full e-flex e-con e-child\" data-id=\"3a4387a\" data-element_type=\"container\" data-e-type=\"container\">\n\t\t\t\t<div class=\"elementor-element elementor-element-cabad13 elementor-widget elementor-widget-shortcode\" data-id=\"cabad13\" data-element_type=\"widget\" data-e-type=\"widget\" data-widget_type=\"shortcode.default\">\n\t\t\t\t<div class=\"elementor-widget-container\">\n\t\t\t\t\t\t\t<div class=\"elementor-shortcode\"><style>\n.convocados-wrapper {\n  width: 100%;\n  font-family: Arial, sans-serif;\n}\n\n.convocados-table {\n  width: 100%;\n  border-collapse: collapse;\n}\n\n.convocados-table th,\n.convocados-table td {\n  border: 1px solid #ddd;\n  padding: 10px;\n  text-align: left;\n}\n\n.convocados-table th {\n  background-color: #f2f2f2;\n  font-weight: bold;\n}\n\n.convocados-footer {\n  margin-top: 20px;\n  font-size: 14px;\n}\n\n.convocados-footer strong {\n  display: block;\n  font-size: 18px;\n  margin-bottom: 8px;\n}\n<\/style>\n\n<div class=\"convocados-wrapper\">\n\n  <table class=\"convocados-table\">\n    <thead>\n      <tr>\n        <th>Fun\u00e7\u00e3o<\/th>\n        <th>Classifica\u00e7\u00e3o<\/th>\n      <\/tr>\n    <\/thead>\n    <tbody>\n                <tr>\n                    <td><strong>ASSISTENTE DE SERVI\u00c7OS<\/strong><\/td>\n                    <td>1\u00ba ao 50\u00ba colocado<\/td>\n                <\/tr>\n                <tr>\n                    <td><strong>ATENDENTE DE CADASTRO<\/strong><\/td>\n                    <td>1\u00ba ao 70\u00ba colocado<\/td>\n                <\/tr>\n            <\/tbody>\n  <\/table>\n\n  <div class=\"convocados-footer\">\n    <strong>Local de apresenta\u00e7\u00e3o dos convocados<\/strong>\n    Secretaria Municipal de Assist\u00eancia Social e Direitos Humanos, situada na Avenida Brigadeiro Lima e Silva, 1618, 3\u00ba andar, Jardim Vinte e Cinco de Agosto, Duque de Caxias, RJ\n  <\/div>\n\n<\/div><\/div>\n\t\t\t\t\t\t<\/div>\n\t\t\t\t<\/div>\n\t\t\t\t<\/div>\n\t\t\t\t\t<\/details>\n\t\t\t\t\t<\/div>\n\t\t\t\t\t\t<\/div>\n\t\t\t\t<\/div>\n\t\t\t\t<\/div>\n\t\t\t\t\t<\/div>\n\t\t\t\t<\/div>\n\t\t\t\t<\/div>\n\t\t","protected":false},"excerpt":{"rendered":"<p>CONVOCA\u00c7\u00c3O &#8211; PSS 2024.2 Basta apenas apertar em umas das datas quesera aberto a lista do mesmo. DIA 8 SETEMBRO 2025 9h \u00e0s 12h e 13h30 \u00e0s 16h (2\u00aa feira) Fun\u00e7\u00e3o Classifica\u00e7\u00e3o ASSISTENTE DE SERVI\u00c7OS 57\u00b0 ao 68\u00b0 classificados ATENDENTE DE CADASTRO 83\u00b0 ao 97\u00b0 classificados Local de apresenta\u00e7\u00e3o dos convocados Secretaria Municipal de Assist\u00eancia [&hellip;]<\/p>\n","protected":false},"author":7,"featured_media":0,"parent":0,"menu_order":0,"comment_status":"closed","ping_status":"closed","template":"","meta":{"footnotes":""},"class_list":["post-1123","page","type-page","status-publish","hentry"],"_links":{"self":[{"href":"https:\/\/seasdih.duquedecaxias.rj.gov.br\/digital\/wp-json\/wp\/v2\/pages\/1123","targetHints":{"allow":["GET"]}}],"collection":[{"href":"https:\/\/seasdih.duquedecaxias.rj.gov.br\/digital\/wp-json\/wp\/v2\/pages"}],"about":[{"href":"https:\/\/seasdih.duquedecaxias.rj.gov.br\/digital\/wp-json\/wp\/v2\/types\/page"}],"author":[{"embeddable":true,"href":"https:\/\/seasdih.duquedecaxias.rj.gov.br\/digital\/wp-json\/wp\/v2\/users\/7"}],"replies":[{"embeddable":true,"href":"https:\/\/seasdih.duquedecaxias.rj.gov.br\/digital\/wp-json\/wp\/v2\/comments?post=1123"}],"version-history":[{"count":13,"href":"https:\/\/seasdih.duquedecaxias.rj.gov.br\/digital\/wp-json\/wp\/v2\/pages\/1123\/revisions"}],"predecessor-version":[{"id":1537,"href":"https:\/\/seasdih.duquedecaxias.rj.gov.br\/digital\/wp-json\/wp\/v2\/pages\/1123\/revisions\/1537"}],"wp:attachment":[{"href":"https:\/\/seasdih.duquedecaxias.rj.gov.br\/digital\/wp-json\/wp\/v2\/media?parent=1123"}],"curies":[{"name":"wp","href":"https:\/\/api.w.org\/{rel}","templated":true}]}}